{"id":255,"date":"2020-09-17T12:44:20","date_gmt":"2020-09-17T12:44:20","guid":{"rendered":"http:\/\/yeni.webdizayn.az\/?page_id=255"},"modified":"2020-09-17T12:46:48","modified_gmt":"2020-09-17T12:46:48","slug":"qiym%c9%99tl%c9%99ndirm%c9%99","status":"publish","type":"page","link":"https:\/\/invest-em.az\/ru\/qiym%c9%99tl%c9%99ndirm%c9%99\/","title":{"rendered":"\u041e\u0446\u0435\u043d\u043a\u0430"},"content":{"rendered":"<div data-elementor-type=\"wp-page\" data-elementor-id=\"255\" class=\"elementor elementor-255\" data-elementor-post-type=\"page\">\n\t\t\t\t\t\t<section class=\"elementor-section elementor-top-section elementor-element elementor-element-77975a8 elementor-section-boxed elementor-section-height-default elementor-section-height-default\" data-id=\"77975a8\" data-element_type=\"section\" data-e-type=\"section\">\n\t\t\t\t\t\t<div class=\"elementor-container elementor-column-gap-default\">\n\t\t\t\t\t<div class=\"elementor-column elementor-col-50 elementor-top-column elementor-element elementor-element-1eda791\" data-id=\"1eda791\" data-element_type=\"column\" data-e-type=\"column\">\n\t\t\t<div class=\"elementor-widget-wrap elementor-element-populated\">\n\t\t\t\t\t\t<section class=\"elementor-section elementor-inner-section elementor-element elementor-element-d3f2ed5 elementor-section-boxed elementor-section-height-default elementor-section-height-default\" data-id=\"d3f2ed5\" data-element_type=\"section\" data-e-type=\"section\">\n\t\t\t\t\t\t<div class=\"elementor-container elementor-column-gap-default\">\n\t\t\t\t\t<div class=\"elementor-column elementor-col-100 elementor-inner-column elementor-element elementor-element-b477c64\" data-id=\"b477c64\" data-element_type=\"column\" data-e-type=\"column\">\n\t\t\t<div class=\"elementor-widget-wrap elementor-element-populated\">\n\t\t\t\t\t\t<div class=\"elementor-element elementor-element-8525eed elementor-widget elementor-widget-heading\" data-id=\"8525eed\" data-element_type=\"widget\" data-e-type=\"widget\" data-widget_type=\"heading.default\">\n\t\t\t\t<div class=\"elementor-widget-container\">\n\t\t\t\t\t<h2 class=\"elementor-heading-title elementor-size-default\">\u041e\u0446\u0435\u043d\u043a\u0430\n<\/h2>\t\t\t\t<\/div>\n\t\t\t\t<\/div>\n\t\t\t\t<div class=\"elementor-element elementor-element-ed3928b elementor-widget-divider--view-line elementor-widget elementor-widget-divider\" data-id=\"ed3928b\" data-element_type=\"widget\" data-e-type=\"widget\" data-widget_type=\"divider.default\">\n\t\t\t\t<div class=\"elementor-widget-container\">\n\t\t\t\t\t\t\t<div class=\"elementor-divider\">\n\t\t\t<span class=\"elementor-divider-separator\">\n\t\t\t\t\t\t<\/span>\n\t\t<\/div>\n\t\t\t\t\t\t<\/div>\n\t\t\t\t<\/div>\n\t\t\t\t<div class=\"elementor-element elementor-element-35b8817 elementor-widget elementor-widget-text-editor\" data-id=\"35b8817\" data-element_type=\"widget\" data-e-type=\"widget\" data-widget_type=\"text-editor.default\">\n\t\t\t\t<div class=\"elementor-widget-container\">\n\t\t\t\t\t\t\t\t\t<div class=\"wpb_text_column wpb_content_element  lead m-b-lg\"><div class=\"wpb_wrapper\"><p>\u041a\u0430\u0436\u0434\u0430\u044f \u0447\u0435\u043b\u043e\u0432\u0435\u0447\u0435\u0441\u043a\u0430\u044f \u0434\u0435\u044f\u0442\u0435\u043b\u044c\u043d\u043e\u0441\u0442\u044c \u0441\u043b\u0443\u0436\u0438\u0442 \u043e\u043f\u0440\u0435\u0434\u0435\u043b\u0435\u043d\u043d\u043e\u0439 \u0446\u0435\u043b\u0438. \u0412 \u0441\u0432\u044f\u0437\u0438 \u0441 \u044d\u0442\u0438\u043c \u043d\u0435 \u0438\u0441\u043a\u043b\u044e\u0447\u0435\u043d\u0430 \u0434\u0435\u044f\u0442\u0435\u043b\u044c\u043d\u043e\u0441\u0442\u044c \u043f\u043e \u043e\u0446\u0435\u043d\u043a\u0435 \u0438\u043c\u0443\u0449\u0435\u0441\u0442\u0432\u0430. \u041f\u043e\u044d\u0442\u043e\u043c\u0443 \u0432\u0430\u0436\u043d\u043e \u043e\u043f\u0440\u0435\u0434\u0435\u043b\u0438\u0442\u044c \u043d\u0430\u043c\u0435\u0440\u0435\u043d\u0438\u0435 \u0438 \u0446\u0435\u043b\u044c \u043e\u0446\u0435\u043d\u043e\u0447\u043d\u043e\u0439 \u0434\u0435\u044f\u0442\u0435\u043b\u044c\u043d\u043e\u0441\u0442\u0438. \u0417\u0430\u043a\u0430\u0437\u0447\u0438\u043a \u0438\u0441\u043f\u043e\u043b\u044c\u0437\u0443\u0435\u0442 \u0440\u0435\u0437\u0443\u043b\u044c\u0442\u0430\u0442\u044b \u043e\u0446\u0435\u043d\u043e\u0447\u043d\u043e\u0439 \u0434\u0435\u044f\u0442\u0435\u043b\u044c\u043d\u043e\u0441\u0442\u0438 \u0434\u043b\u044f \u0440\u0430\u0437\u043b\u0438\u0447\u043d\u044b\u0445 \u0446\u0435\u043b\u0435\u0439. \u041d\u0430\u043f\u0440\u043e\u0442\u0438\u0432, \u0440\u0430\u0431\u043e\u0442\u0430, \u043a\u043e\u0442\u043e\u0440\u0443\u044e \u043e\u043d \u043d\u0430\u043c\u0435\u0447\u0430\u0435\u0442 \u0432 \u0431\u0443\u0434\u0443\u0449\u0435\u043c, \u0442\u0440\u0435\u0431\u0443\u0435\u0442 \u043e\u0446\u0435\u043d\u043a\u0438 \u0435\u0433\u043e \u0441\u043e\u0431\u0441\u0442\u0432\u0435\u043d\u043d\u043e\u0441\u0442\u0438.<\/p><p><span style=\"font-size: 16px;\">\u0412 \u043d\u0430\u0441\u0442\u043e\u044f\u0449\u0435\u0435 \u0432\u0440\u0435\u043c\u044f \u043e\u0446\u0435\u043d\u043e\u0447\u043d\u0430\u044f \u0434\u0435\u044f\u0442\u0435\u043b\u044c\u043d\u043e\u0441\u0442\u044c \u043e\u0441\u0443\u0449\u0435\u0441\u0442\u0432\u043b\u044f\u0435\u0442\u0441\u044f \u0434\u043b\u044f \u0448\u0438\u0440\u043e\u043a\u043e\u0433\u043e \u043a\u0440\u0443\u0433\u0430 \u0446\u0435\u043b\u0435\u0439 - \u0434\u043b\u044f \u043e\u043f\u0440\u0435\u0434\u0435\u043b\u0435\u043d\u0438\u044f \u043d\u0430\u043b\u043e\u0433\u043e\u0432\u043e\u0439 \u0431\u0430\u0437\u044b \u0438\u043c\u0443\u0449\u0435\u0441\u0442\u0432\u0430, \u043f\u0440\u0438\u0432\u0430\u0442\u0438\u0437\u0430\u0446\u0438\u0438 \u0433\u043e\u0441\u0443\u0434\u0430\u0440\u0441\u0442\u0432\u0435\u043d\u043d\u043e\u0433\u043e \u0438\u043c\u0443\u0449\u0435\u0441\u0442\u0432\u0430, \u0438\u043f\u043e\u0442\u0435\u043a\u0438 \u0438\u043c\u0443\u0449\u0435\u0441\u0442\u0432\u0430, \u0441\u0442\u0440\u0430\u0445\u043e\u0432\u0430\u043d\u0438\u044f \u0438\u043c\u0443\u0449\u0435\u0441\u0442\u0432\u0430, \u0438\u043d\u0432\u0435\u0441\u0442\u0438\u0446\u0438\u0439, \u0441\u043e\u0437\u0434\u0430\u043d\u0438\u044f \u0438 \u0440\u0435\u043e\u0440\u0433\u0430\u043d\u0438\u0437\u0430\u0446\u0438\u0438 (\u043b\u0438\u043a\u0432\u0438\u0434\u0430\u0446\u0438\u0438, \u0440\u0430\u0437\u0434\u0435\u043b\u0435\u043d\u0438\u044f, \u0441\u043b\u0438\u044f\u043d\u0438\u044f) \u044e\u0440\u0438\u0434\u0438\u0447\u0435\u0441\u043a\u0438\u0445 \u043b\u0438\u0446, \u0430 \u0442\u0430\u043a\u0436\u0435 \u0438\u043c\u0443\u0449\u0435\u0441\u0442\u0432\u0435\u043d\u043d\u044b\u0445 \u0441\u043f\u043e\u0440\u043e\u0432 \u0432 \u0441\u0443\u0434\u0435\u0431\u043d\u043e\u043c \u043f\u043e\u0440\u044f\u0434\u043a\u0435. \u0420\u0430\u0437\u0432\u0438\u0442\u0438\u0435 \u0440\u044b\u043d\u043a\u0430 \u043d\u0435\u0434\u0432\u0438\u0436\u0438\u043c\u043e\u0441\u0442\u0438 \u0440\u0430\u0441\u0448\u0438\u0440\u044f\u0435\u0442 \u043a\u0440\u0443\u0433 \u0437\u0430\u0434\u0430\u0447 \u043e\u0446\u0435\u043d\u043a\u0438 \u0438 \u0441\u043e\u0437\u0434\u0430\u0435\u0442 \u043d\u043e\u0432\u044b\u0435 \u0432\u0438\u0434\u044b \u043e\u0446\u0435\u043d\u043a\u0438.<\/span><\/p><\/div><\/div><div class=\"wpb_text_column wpb_content_element\"><div class=\"wpb_wrapper\"><p>\u0426\u0435\u043b\u044c \u043e\u0446\u0435\u043d\u043a\u0438 \u0438\u043c\u0443\u0449\u0435\u0441\u0442\u0432\u0430 \u0434\u043e\u043b\u0436\u043d\u0430 \u0431\u044b\u0442\u044c \u0443\u043a\u0430\u0437\u0430\u043d\u0430 \u0432 \u0441\u043e\u0433\u043b\u0430\u0448\u0435\u043d\u0438\u0438 \u043e\u0431 \u043e\u0446\u0435\u043d\u043a\u0435 \u0438\u043c\u0443\u0449\u0435\u0441\u0442\u0432\u0430 \u043c\u0435\u0436\u0434\u0443 \u0441\u0442\u043e\u0440\u043e\u043d\u0430\u043c\u0438 (\u043e\u0446\u0435\u043d\u0449\u0438\u043a\u043e\u043c \u0438 \u0437\u0430\u043a\u0430\u0437\u0447\u0438\u043a\u043e\u043c). \u041f\u043e\u0442\u043e\u043c\u0443 \u0447\u0442\u043e \u0446\u0435\u043b\u044c \u043e\u0446\u0435\u043d\u043e\u0447\u043d\u043e\u0439 \u0434\u0435\u044f\u0442\u0435\u043b\u044c\u043d\u043e\u0441\u0442\u0438 - \u044d\u0442\u043e \u043e\u0441\u043d\u043e\u0432\u0430 \u0434\u043b\u044f \u0432\u044b\u0431\u043e\u0440\u0430 \u043f\u043e\u0434\u0445\u043e\u0434\u043e\u0432 \u0438 \u043c\u0435\u0442\u043e\u0434\u043e\u0432 \u043e\u0446\u0435\u043d\u043a\u0438, \u0432\u044b\u0431\u043e\u0440 \u0442\u0438\u043f\u043e\u0432 \u0446\u0435\u043d\u043d\u043e\u0441\u0442\u0435\u0439. \u0421 \u0434\u0440\u0443\u0433\u043e\u0439 \u0441\u0442\u043e\u0440\u043e\u043d\u044b, \u043f\u0440\u0438 \u043e\u0446\u0435\u043d\u043a\u0435 \u0434\u043b\u044f \u0440\u0430\u0437\u043d\u044b\u0445 \u0446\u0435\u043b\u0435\u0439 \u0438\u0441\u043f\u043e\u043b\u044c\u0437\u0443\u044e\u0442\u0441\u044f \u0440\u0430\u0437\u043d\u044b\u0435 \u0437\u0430\u043a\u043e\u043d\u043e\u0434\u0430\u0442\u0435\u043b\u044c\u043d\u044b\u0435 \u0430\u043a\u0442\u044b. \u041f\u0440\u0430\u0432\u043e\u0432\u0430\u044f \u043e\u0441\u043d\u043e\u0432\u0430 \u043e\u0446\u0435\u043d\u043a\u0438 \u043f\u0440\u0438\u0432\u0430\u0442\u0438\u0437\u0438\u0440\u043e\u0432\u0430\u043d\u043d\u043e\u0433\u043e \u0438\u043c\u0443\u0449\u0435\u0441\u0442\u0432\u0430 \u043e\u0442\u043b\u0438\u0447\u0430\u0435\u0442\u0441\u044f \u043e\u0442 \u043f\u0440\u0430\u0432\u043e\u0432\u043e\u0439 \u043e\u0441\u043d\u043e\u0432\u044b \u043e\u0446\u0435\u043d\u043a\u0438 \u0438\u043c\u0443\u0449\u0435\u0441\u0442\u0432\u0430 \u0434\u043b\u044f \u0446\u0435\u043b\u0435\u0439 \u043d\u0430\u043b\u043e\u0433\u043e\u043e\u0431\u043b\u043e\u0436\u0435\u043d\u0438\u044f. \u0412 \u0441\u0432\u044f\u0437\u0438 \u0441 \u044d\u0442\u0438\u043c, \u043d\u0435\u0437\u0430\u0432\u0438\u0441\u0438\u043c\u043e \u043e\u0442 \u0446\u0435\u043b\u0438 \u0438 \u0442\u0438\u043f\u0430 \u043e\u0446\u0435\u043d\u043a\u0438, \u0434\u043e\u043b\u0436\u043d\u044b \u0441\u0443\u0449\u0435\u0441\u0442\u0432\u043e\u0432\u0430\u0442\u044c \u043e\u0431\u0449\u0438\u0435 \u043f\u0440\u0430\u0432\u0438\u043b\u0430 \u043e\u0446\u0435\u043d\u043a\u0438 \u0438\u043c\u0443\u0449\u0435\u0441\u0442\u0432\u0430, \u0438 \u043e\u043d\u0438 \u0434\u043e\u043b\u0436\u043d\u044b \u0441\u043b\u0443\u0436\u0438\u0442\u044c \u0434\u043b\u044f \u0432\u044b\u044f\u0432\u043b\u0435\u043d\u0438\u044f \u0440\u044b\u043d\u043e\u0447\u043d\u043e\u0439 \u0441\u0442\u043e\u0438\u043c\u043e\u0441\u0442\u0438 \u0438\u043c\u0443\u0449\u0435\u0441\u0442\u0432\u0430.<\/p><\/div><\/div>\t\t\t\t\t\t\t\t<\/div>\n\t\t\t\t<\/div>\n\t\t\t\t\t<\/div>\n\t\t<\/div>\n\t\t\t\t\t<\/div>\n\t\t<\/section>\n\t\t\t\t\t<\/div>\n\t\t<\/div>\n\t\t\t\t<div class=\"elementor-column elementor-col-50 elementor-top-column elementor-element elementor-element-f7ac753\" data-id=\"f7ac753\" data-element_type=\"column\" data-e-type=\"column\">\n\t\t\t<div class=\"elementor-widget-wrap elementor-element-populated\">\n\t\t\t\t\t\t<section class=\"elementor-section elementor-inner-section elementor-element elementor-element-0ee0139 elementor-section-boxed elementor-section-height-default elementor-section-height-default\" data-id=\"0ee0139\" data-element_type=\"section\" data-e-type=\"section\">\n\t\t\t\t\t\t<div class=\"elementor-container elementor-column-gap-default\">\n\t\t\t\t\t<div class=\"elementor-column elementor-col-100 elementor-inner-column elementor-element elementor-element-333ef75\" data-id=\"333ef75\" data-element_type=\"column\" data-e-type=\"column\">\n\t\t\t<div class=\"elementor-widget-wrap elementor-element-populated\">\n\t\t\t\t\t\t<div class=\"elementor-element elementor-element-ab56dae elementor-widget elementor-widget-heading\" data-id=\"ab56dae\" data-element_type=\"widget\" data-e-type=\"widget\" data-widget_type=\"heading.default\">\n\t\t\t\t<div class=\"elementor-widget-container\">\n\t\t\t\t\t<h2 class=\"elementor-heading-title elementor-size-default\">\u041e\u0446\u0435\u043d\u043a\u0430<\/h2>\t\t\t\t<\/div>\n\t\t\t\t<\/div>\n\t\t\t\t<div class=\"elementor-element elementor-element-1900946 elementor-widget-divider--view-line elementor-widget elementor-widget-divider\" data-id=\"1900946\" data-element_type=\"widget\" data-e-type=\"widget\" data-widget_type=\"divider.default\">\n\t\t\t\t<div class=\"elementor-widget-container\">\n\t\t\t\t\t\t\t<div class=\"elementor-divider\">\n\t\t\t<span class=\"elementor-divider-separator\">\n\t\t\t\t\t\t<\/span>\n\t\t<\/div>\n\t\t\t\t\t\t<\/div>\n\t\t\t\t<\/div>\n\t\t\t\t<div class=\"elementor-element elementor-element-b16a7b8 elementor-widget elementor-widget-text-editor\" data-id=\"b16a7b8\" data-element_type=\"widget\" data-e-type=\"widget\" data-widget_type=\"text-editor.default\">\n\t\t\t\t<div class=\"elementor-widget-container\">\n\t\t\t\t\t\t\t\t\t<p><strong class=\"text-color-primary font-size-xl\">\u2013\u00a0<\/strong>\u041f\u0440\u0438 \u043e\u043f\u0440\u0435\u0434\u0435\u043b\u0435\u043d\u0438\u0438 \u0441\u0442\u043e\u0438\u043c\u043e\u0441\u0442\u0438 \u0433\u043e\u0441\u0443\u0434\u0430\u0440\u0441\u0442\u0432\u0435\u043d\u043d\u043e\u0433\u043e \u0438\u043c\u0443\u0449\u0435\u0441\u0442\u0432\u0430 \u0434\u043b\u044f \u0446\u0435\u043b\u0435\u0439 \u043f\u0440\u0438\u0432\u0430\u0442\u0438\u0437\u0430\u0446\u0438\u0438 \u0438\u043b\u0438 \u043f\u0435\u0440\u0435\u0434\u0430\u0447\u0438 \u0432 \u0434\u043e\u0432\u0435\u0440\u0438\u0442\u0435\u043b\u044c\u043d\u043e\u0435 \u0443\u043f\u0440\u0430\u0432\u043b\u0435\u043d\u0438\u0435<\/p><p><strong class=\"text-color-primary font-size-xl\">\u2013\u00a0<\/strong>\u0412 \u0441\u043b\u0443\u0447\u0430\u0435 \u043f\u0440\u043e\u0434\u0430\u0436\u0438, \u0437\u0430\u043b\u043e\u0433\u0430 \u0438\u043b\u0438 \u043f\u0435\u0440\u0435\u0434\u0430\u0447\u0438 \u0433\u043e\u0441\u0443\u0434\u0430\u0440\u0441\u0442\u0432\u0435\u043d\u043d\u043e\u0433\u043e \u0438 \u043c\u0443\u043d\u0438\u0446\u0438\u043f\u0430\u043b\u044c\u043d\u043e\u0433\u043e \u0438\u043c\u0443\u0449\u0435\u0441\u0442\u0432\u0430 \u0432 \u0441\u0432\u044f\u0437\u0438 \u0441 \u043d\u0430\u043b\u043e\u0433\u043e\u0432\u044b\u043c\u0438 \u043e\u0431\u044f\u0437\u0430\u0442\u0435\u043b\u044c\u0441\u0442\u0432\u0430\u043c\u0438<\/p><p><strong class=\"text-color-primary font-size-xl\">\u2013\u00a0<\/strong>\u041f\u0440\u0438 \u043f\u0435\u0440\u0435\u043e\u0446\u0435\u043d\u043a\u0435 \u0433\u043e\u0441\u0443\u0434\u0430\u0440\u0441\u0442\u0432\u0435\u043d\u043d\u044b\u0445 \u043e\u0441\u043d\u043e\u0432\u043d\u044b\u0445 \u0441\u0440\u0435\u0434\u0441\u0442\u0432<\/p><p><strong class=\"text-color-primary font-size-xl\">\u2013\u00a0<\/strong>\u0412 \u0441\u043b\u0443\u0447\u0430\u0435 \u043f\u043e\u0432\u0440\u0435\u0436\u0434\u0435\u043d\u0438\u044f \u0437\u0430\u0441\u0442\u0440\u0430\u0445\u043e\u0432\u0430\u043d\u043d\u043e\u0433\u043e \u0433\u043e\u0441\u0443\u0434\u0430\u0440\u0441\u0442\u0432\u0435\u043d\u043d\u043e\u0433\u043e \u0438 \u043c\u0443\u043d\u0438\u0446\u0438\u043f\u0430\u043b\u044c\u043d\u043e\u0433\u043e \u0438\u043c\u0443\u0449\u0435\u0441\u0442\u0432\u0430 \u0432 \u0440\u0435\u0437\u0443\u043b\u044c\u0442\u0430\u0442\u0435 \u0441\u0442\u0440\u0430\u0445\u043e\u0432\u043e\u0433\u043e \u0441\u043b\u0443\u0447\u0430\u044f \u043f\u043e \u0432\u0438\u0434\u0430\u043c \u043e\u0431\u044f\u0437\u0430\u0442\u0435\u043b\u044c\u043d\u043e\u0433\u043e \u0441\u0442\u0440\u0430\u0445\u043e\u0432\u0430\u043d\u0438\u044f<\/p><p><strong class=\"text-color-primary font-size-xl\">\u2013\u00a0<\/strong>\u041a\u043e\u0433\u0434\u0430 \u043d\u0435\u043e\u0431\u0445\u043e\u0434\u0438\u043c\u043e \u043f\u0440\u043e\u0438\u0437\u0432\u0435\u0441\u0442\u0438 \u043e\u0446\u0435\u043d\u043a\u0443 \u0438\u043c\u0443\u0449\u0435\u0441\u0442\u0432\u0430 \u0434\u043b\u044f \u043e\u0431\u0435\u0441\u043f\u0435\u0447\u0435\u043d\u0438\u044f \u0441\u0443\u0434\u0435\u0431\u043d\u043e\u0433\u043e \u0440\u0435\u0448\u0435\u043d\u0438\u044f \u0438\u043b\u0438 \u0440\u0435\u0448\u0435\u043d\u0438\u044f<\/p>\t\t\t\t\t\t\t\t<\/div>\n\t\t\t\t<\/div>\n\t\t\t\t\t<\/div>\n\t\t<\/div>\n\t\t\t\t\t<\/div>\n\t\t<\/section>\n\t\t\t\t\t<\/div>\n\t\t<\/div>\n\t\t\t\t\t<\/div>\n\t\t<\/section>\n\t\t\t\t<\/div>","protected":false},"excerpt":{"rendered":"<p>Qiym\u0259tl\u0259ndirm\u0259 H\u0259r bir insan f\u0259aliyy\u0259ti m\u00fc\u0259yy\u0259n m\u0259qs\u0259d\u0259 xidm\u0259t edir. Bu bax\u0131mdan \u0259mlak\u0131n qiym\u0259tl\u0259ndirilm\u0259si f\u0259aliyy\u0259ti d\u0259 istisna olunmur. Ona g\u00f6r\u0259 d\u0259 qiym\u0259tl\u0259ndirm\u0259 f\u0259aliyy\u0259tinin hans\u0131 niyy\u0259t v\u0259 m\u0259ram \u00fc\u00e7\u00fcn yerin\u0259 yetirildiyinin m\u00fc\u0259yy\u0259n edilm\u0259si m\u00fch\u00fcm \u0259h\u0259miyy\u0259t\u0259 malikdir. Sifari\u015f\u00e7i qiym\u0259tl\u0259ndirm\u0259 f\u0259aliyy\u0259tinin n\u0259tic\u0259l\u0259rind\u0259n m\u00fcxt\u0259lif m\u0259qs\u0259dl\u0259r \u00fc\u00e7\u00fcn istifad\u0259 edir. Daha do\u011frusu, perspektivd\u0259 n\u0259z\u0259rd\u0259 tutudu\u011fu i\u015fl\u0259r ona m\u0259xsus \u0259mlak\u0131n qiym\u0259tl\u0259ndirilm\u0259sini z\u0259ruri edir. &hellip;<\/p>\n<p class=\"read-more\"> <a class=\"\" href=\"https:\/\/invest-em.az\/ru\/qiym%c9%99tl%c9%99ndirm%c9%99\/\"> <span class=\"screen-reader-text\">\u041e\u0446\u0435\u043d\u043a\u0430<\/span> \u0427\u0438\u0442\u0430\u0442\u044c \u043f\u043e\u043b\u043d\u043e\u0441\u0442\u044c\u044e &raquo;<\/a><\/p>","protected":false},"author":1,"featured_media":0,"parent":0,"menu_order":0,"comment_status":"closed","ping_status":"closed","template":"elementor_header_footer","meta":{"footnotes":""},"class_list":["post-255","page","type-page","status-publish","hentry"],"_links":{"self":[{"href":"https:\/\/invest-em.az\/ru\/wp-json\/wp\/v2\/pages\/255","targetHints":{"allow":["GET"]}}],"collection":[{"href":"https:\/\/invest-em.az\/ru\/wp-json\/wp\/v2\/pages"}],"about":[{"href":"https:\/\/invest-em.az\/ru\/wp-json\/wp\/v2\/types\/page"}],"author":[{"embeddable":true,"href":"https:\/\/invest-em.az\/ru\/wp-json\/wp\/v2\/users\/1"}],"replies":[{"embeddable":true,"href":"https:\/\/invest-em.az\/ru\/wp-json\/wp\/v2\/comments?post=255"}],"version-history":[{"count":4,"href":"https:\/\/invest-em.az\/ru\/wp-json\/wp\/v2\/pages\/255\/revisions"}],"predecessor-version":[{"id":259,"href":"https:\/\/invest-em.az\/ru\/wp-json\/wp\/v2\/pages\/255\/revisions\/259"}],"wp:attachment":[{"href":"https:\/\/invest-em.az\/ru\/wp-json\/wp\/v2\/media?parent=255"}],"curies":[{"name":"wp","href":"https:\/\/api.w.org\/{rel}","templated":true}]}}